{"id":1024,"date":"2023-07-11T07:24:19","date_gmt":"2023-07-11T05:24:19","guid":{"rendered":"https:\/\/deveseleer.be\/over-ons\/"},"modified":"2025-08-28T08:26:14","modified_gmt":"2025-08-28T06:26:14","slug":"a-propos-de-deveseleer-carrosserie","status":"publish","type":"page","link":"https:\/\/deveseleer.be\/fr\/a-propos-de-deveseleer-carrosserie\/","title":{"rendered":"\u00c0 propos"},"content":{"rendered":"\t\t<div data-elementor-type=\"wp-page\" data-elementor-id=\"1024\" class=\"elementor elementor-1024 elementor-307\" data-elementor-post-type=\"page\">\n\t\t\t\t<div class=\"elementor-element elementor-element-4a5b5a6 e-con-full e-flex e-con e-parent\" data-id=\"4a5b5a6\" data-element_type=\"container\" data-e-type=\"container\" data-settings=\"{&quot;background_background&quot;:&quot;classic&quot;}\">\n\t\t<div class=\"elementor-element elementor-element-641efe1 e-con-full container e-flex e-con e-child\" data-id=\"641efe1\" data-element_type=\"container\" data-e-type=\"container\">\n\t\t<div class=\"elementor-element elementor-element-d266b9f e-con-full elementor-hidden-mobile e-flex e-con e-child\" data-id=\"d266b9f\" data-element_type=\"container\" data-e-type=\"container\">\n\t\t\t\t<div class=\"elementor-element elementor-element-0942837 elementor-widget elementor-widget-image\" data-id=\"0942837\" data-element_type=\"widget\" data-e-type=\"widget\" data-widget_type=\"image.default\">\n\t\t\t\t<div class=\"elementor-widget-container\">\n\t\t\t\t\t\t\t\t\t\t\t\t\t\t\t<img fetchpriority=\"high\" decoding=\"async\" width=\"502\" height=\"114\" src=\"https:\/\/deveseleer.be\/wp-content\/uploads\/2023\/07\/logo.svg\" class=\"attachment-large size-large wp-image-937\" alt=\"\" \/>\t\t\t\t\t\t\t\t\t\t\t\t\t\t\t<\/div>\n\t\t\t\t<\/div>\n\t\t\t\t<\/div>\n\t\t\t\t<\/div>\n\t\t\t\t<\/div>\n\t\t<div class=\"elementor-element elementor-element-e5b7c6c e-con-full e-flex e-con e-parent\" data-id=\"e5b7c6c\" data-element_type=\"container\" data-e-type=\"container\">\n\t\t<div class=\"elementor-element elementor-element-9500cbc e-con-full container e-flex e-con e-child\" data-id=\"9500cbc\" data-element_type=\"container\" data-e-type=\"container\">\n\t\t\t\t<div class=\"elementor-element elementor-element-ea046db elementor-widget elementor-widget-heading\" data-id=\"ea046db\" data-element_type=\"widget\" data-e-type=\"widget\" data-widget_type=\"heading.default\">\n\t\t\t\t<div class=\"elementor-widget-container\">\n\t\t\t\t\t<h1 class=\"elementor-heading-title elementor-size-default\">\u00c0 propos de <br>Deveseleer Carrosserie<\/h1>\t\t\t\t<\/div>\n\t\t\t\t<\/div>\n\t\t\t\t<\/div>\n\t\t<div class=\"elementor-element elementor-element-0f23bd1 e-con-full container e-flex e-con e-child\" data-id=\"0f23bd1\" data-element_type=\"container\" data-e-type=\"container\">\n\t\t<div class=\"elementor-element elementor-element-ee7dfa9 e-con-full e-flex e-con e-child\" data-id=\"ee7dfa9\" data-element_type=\"container\" data-e-type=\"container\">\n\t\t\t\t<div class=\"elementor-element elementor-element-42fff11 elementor-widget elementor-widget-text-editor\" data-id=\"42fff11\" data-element_type=\"widget\" data-e-type=\"widget\" data-widget_type=\"text-editor.default\">\n\t\t\t\t<div class=\"elementor-widget-container\">\n\t\t\t\t\t\t\t\t\t<p>Situ\u00e9 \u00e0 Herne, Deveseleer Carrosserie exerce ses activit\u00e9s de r\u00e9parateur sp\u00e9cialis\u00e9 dans les d\u00e9g\u00e2ts de carrosserie depuis 1954. Nous sommes agr\u00e9\u00e9s par toutes les grandes compagnies d\u2019assurance et ne reculons devant aucun d\u00e9fi pour nos clients. Votre confort et votre s\u00e9curit\u00e9 sont nos priorit\u00e9s.\u00a0 \u00a0<\/p>\t\t\t\t\t\t\t\t<\/div>\n\t\t\t\t<\/div>\n\t\t\t\t<\/div>\n\t\t<div class=\"elementor-element elementor-element-a4ed5e5 e-con-full e-flex e-con e-child\" data-id=\"a4ed5e5\" data-element_type=\"container\" data-e-type=\"container\">\n\t\t\t\t<div class=\"elementor-element elementor-element-486ae86 elementor-widget elementor-widget-text-editor\" data-id=\"486ae86\" data-element_type=\"widget\" data-e-type=\"widget\" data-widget_type=\"text-editor.default\">\n\t\t\t\t<div class=\"elementor-widget-container\">\n\t\t\t\t\t\t\t\t\t<p>Nos techniciens hautement qualifi\u00e9s disposent de toutes les comp\u00e9tences pour remettre votre voiture \u00e0 neuf. Alignement des roues, nouveau pare-brise ou raccords localis\u00e9s Spot Repair\u00a0: chez le r\u00e9parateur agr\u00e9\u00e9 Deveseleer Carrosserie, vous \u00eates \u00e0 la bonne adresse.<\/p>\t\t\t\t\t\t\t\t<\/div>\n\t\t\t\t<\/div>\n\t\t\t\t<\/div>\n\t\t\t\t<\/div>\n\t\t<div class=\"elementor-element elementor-element-e7e896c e-con-full container e-flex e-con e-child\" data-id=\"e7e896c\" data-element_type=\"container\" data-e-type=\"container\">\n\t\t<div class=\"elementor-element elementor-element-a9e24d2 e-con-full e-flex e-con e-child\" data-id=\"a9e24d2\" data-element_type=\"container\" data-e-type=\"container\">\n\t\t\t\t<\/div>\n\t\t<div class=\"elementor-element elementor-element-761f80c e-con-full e-flex e-con e-child\" data-id=\"761f80c\" data-element_type=\"container\" data-e-type=\"container\">\n\t\t\t\t<div class=\"elementor-element elementor-element-648eec6 elementor-widget elementor-widget-button\" data-id=\"648eec6\" data-element_type=\"widget\" data-e-type=\"widget\" data-widget_type=\"button.default\">\n\t\t\t\t<div class=\"elementor-widget-container\">\n\t\t\t\t\t\t\t\t\t<div class=\"elementor-button-wrapper\">\n\t\t\t\t\t<a class=\"elementor-button elementor-button-link elementor-size-sm\" href=\"https:\/\/deveseleer.be\/fr\/aanbod\/\">\n\t\t\t\t\t\t<span class=\"elementor-button-content-wrapper\">\n\t\t\t\t\t\t\t\t\t<span class=\"elementor-button-text\">D\u00e9couvrez notre offre<\/span>\n\t\t\t\t\t<\/span>\n\t\t\t\t\t<\/a>\n\t\t\t\t<\/div>\n\t\t\t\t\t\t\t\t<\/div>\n\t\t\t\t<\/div>\n\t\t\t\t<\/div>\n\t\t\t\t<\/div>\n\t\t\t\t<\/div>\n\t\t<div class=\"elementor-element elementor-element-293071e e-con-full e-flex e-con e-parent\" data-id=\"293071e\" data-element_type=\"container\" data-e-type=\"container\">\n\t\t<div class=\"elementor-element elementor-element-81e9298 e-con-full container e-flex e-con e-child\" data-id=\"81e9298\" data-element_type=\"container\" data-e-type=\"container\">\n\t\t<div class=\"elementor-element elementor-element-03ac4f5 e-con-full e-flex e-con e-child\" data-id=\"03ac4f5\" data-element_type=\"container\" data-e-type=\"container\">\n\t\t\t\t<div class=\"elementor-element elementor-element-0a66b51 elementor-widget elementor-widget-image\" data-id=\"0a66b51\" data-element_type=\"widget\" data-e-type=\"widget\" data-settings=\"{&quot;motion_fx_motion_fx_scrolling&quot;:&quot;yes&quot;,&quot;motion_fx_translateX_effect&quot;:&quot;yes&quot;,&quot;motion_fx_translateX_direction&quot;:&quot;negative&quot;,&quot;motion_fx_translateX_affectedRange&quot;:{&quot;unit&quot;:&quot;%&quot;,&quot;size&quot;:&quot;&quot;,&quot;sizes&quot;:{&quot;start&quot;:0,&quot;end&quot;:50}},&quot;motion_fx_translateX_speed&quot;:{&quot;unit&quot;:&quot;px&quot;,&quot;size&quot;:4,&quot;sizes&quot;:[]},&quot;motion_fx_devices&quot;:[&quot;desktop&quot;,&quot;laptop&quot;,&quot;tablet&quot;,&quot;mobile&quot;]}\" data-widget_type=\"image.default\">\n\t\t\t\t<div class=\"elementor-widget-container\">\n\t\t\t\t\t\t\t\t\t\t\t\t\t\t\t<img decoding=\"async\" width=\"1024\" height=\"1024\" src=\"https:\/\/deveseleer.be\/wp-content\/uploads\/2023\/07\/03092021-_MG_0023-2-1024x1024.jpg\" class=\"attachment-large size-large wp-image-968\" alt=\"\" srcset=\"https:\/\/deveseleer.be\/wp-content\/uploads\/2023\/07\/03092021-_MG_0023-2-1024x1024.jpg 1024w, https:\/\/deveseleer.be\/wp-content\/uploads\/2023\/07\/03092021-_MG_0023-2-300x300.jpg 300w, https:\/\/deveseleer.be\/wp-content\/uploads\/2023\/07\/03092021-_MG_0023-2-150x150.jpg 150w, https:\/\/deveseleer.be\/wp-content\/uploads\/2023\/07\/03092021-_MG_0023-2-768x768.jpg 768w, https:\/\/deveseleer.be\/wp-content\/uploads\/2023\/07\/03092021-_MG_0023-2-1536x1536.jpg 1536w, https:\/\/deveseleer.be\/wp-content\/uploads\/2023\/07\/03092021-_MG_0023-2.jpg 2000w\" sizes=\"(max-width: 1024px) 100vw, 1024px\" \/>\t\t\t\t\t\t\t\t\t\t\t\t\t\t\t<\/div>\n\t\t\t\t<\/div>\n\t\t\t\t<\/div>\n\t\t<div class=\"elementor-element elementor-element-eb8011c e-con-full e-flex e-con e-child\" data-id=\"eb8011c\" data-element_type=\"container\" data-e-type=\"container\" data-settings=\"{&quot;background_background&quot;:&quot;classic&quot;}\">\n\t\t\t\t<div class=\"elementor-element elementor-element-2d607ff elementor-widget elementor-widget-text-editor\" data-id=\"2d607ff\" data-element_type=\"widget\" data-e-type=\"widget\" data-widget_type=\"text-editor.default\">\n\t\t\t\t<div class=\"elementor-widget-container\">\n\t\t\t\t\t\t\t\t\t<p>Nous commen\u00e7ons \u00e0 r\u00e9parer les d\u00e9g\u00e2ts d\u00e8s que vous nous confiez votre voiture. Notre collaboration transparente avec les compagnies d\u2019assurance vous permet de toujours payer le meilleur prix. Gr\u00e2ce \u00e0 l\u2019\u00e9tablissement du devis par voie \u00e9lectronique via le syst\u00e8me INFORMEX, votre assureur est tr\u00e8s vite inform\u00e9  avec exactitude et pr\u00e9cision de l\u2019ensemble du processus de r\u00e9paration. Nous nous chargeons de l\u2019\u00e9valuation des dommages, ce qui vous lib\u00e8re de tout souci et vous \u00e9pargne du stress.<\/p><p>\u00a0<\/p><p>La compagnie d\u2019assurance veille au r\u00e8glement total du sinistre par paiement direct. Notre syst\u00e8me administratif nous permet de d\u00e9terminer facilement la dur\u00e9e d\u2019indisponibilit\u00e9 de votre voiture. En fonction de celle-ci, nous pouvons vous en proposer un de remplacement. Choisir Deveseleer Carrosserie, c\u2019est opter pour un maximum de confort et de facilit\u00e9. \u00a0<\/p>\t\t\t\t\t\t\t\t<\/div>\n\t\t\t\t<\/div>\n\t\t\t\t<div class=\"elementor-element elementor-element-441ee17 elementor-widget elementor-widget-button\" data-id=\"441ee17\" data-element_type=\"widget\" data-e-type=\"widget\" data-widget_type=\"button.default\">\n\t\t\t\t<div class=\"elementor-widget-container\">\n\t\t\t\t\t\t\t\t\t<div class=\"elementor-button-wrapper\">\n\t\t\t\t\t<a class=\"elementor-button elementor-button-link elementor-size-sm\" href=\"https:\/\/deveseleer.be\/fr\/contact\/\">\n\t\t\t\t\t\t<span class=\"elementor-button-content-wrapper\">\n\t\t\t\t\t\t\t\t\t<span class=\"elementor-button-text\">Contactez-nous<\/span>\n\t\t\t\t\t<\/span>\n\t\t\t\t\t<\/a>\n\t\t\t\t<\/div>\n\t\t\t\t\t\t\t\t<\/div>\n\t\t\t\t<\/div>\n\t\t\t\t<\/div>\n\t\t\t\t<\/div>\n\t\t\t\t<\/div>\n\t\t\t\t<\/div>\n\t\t","protected":false},"excerpt":{"rendered":"<p>\u00c0 propos de Deveseleer Carrosserie Situ\u00e9 \u00e0 Herne, Deveseleer Carrosserie exerce ses activit\u00e9s de r\u00e9parateur sp\u00e9cialis\u00e9 dans les d\u00e9g\u00e2ts de carrosserie depuis 1954. Nous sommes agr\u00e9\u00e9s par toutes les grandes compagnies d\u2019assurance et ne reculons devant aucun d\u00e9fi pour nos clients. Votre confort et votre s\u00e9curit\u00e9 sont nos priorit\u00e9s.\u00a0 \u00a0 Nos techniciens hautement qualifi\u00e9s disposent [&hellip;]<\/p>\n","protected":false},"author":1,"featured_media":0,"parent":0,"menu_order":0,"comment_status":"closed","ping_status":"closed","template":"","meta":{"footnotes":""},"class_list":["post-1024","page","type-page","status-publish","hentry"],"_links":{"self":[{"href":"https:\/\/deveseleer.be\/fr\/wp-json\/wp\/v2\/pages\/1024","targetHints":{"allow":["GET"]}}],"collection":[{"href":"https:\/\/deveseleer.be\/fr\/wp-json\/wp\/v2\/pages"}],"about":[{"href":"https:\/\/deveseleer.be\/fr\/wp-json\/wp\/v2\/types\/page"}],"author":[{"embeddable":true,"href":"https:\/\/deveseleer.be\/fr\/wp-json\/wp\/v2\/users\/1"}],"replies":[{"embeddable":true,"href":"https:\/\/deveseleer.be\/fr\/wp-json\/wp\/v2\/comments?post=1024"}],"version-history":[{"count":5,"href":"https:\/\/deveseleer.be\/fr\/wp-json\/wp\/v2\/pages\/1024\/revisions"}],"predecessor-version":[{"id":1623,"href":"https:\/\/deveseleer.be\/fr\/wp-json\/wp\/v2\/pages\/1024\/revisions\/1623"}],"wp:attachment":[{"href":"https:\/\/deveseleer.be\/fr\/wp-json\/wp\/v2\/media?parent=1024"}],"curies":[{"name":"wp","href":"https:\/\/api.w.org\/{rel}","templated":true}]}}